{"id":4359,"date":"2025-09-15T09:28:31","date_gmt":"2025-09-15T07:28:31","guid":{"rendered":"https:\/\/testing.delamode-bulgaria.com\/?page_id=4359"},"modified":"2026-01-15T11:43:31","modified_gmt":"2026-01-15T09:43:31","slug":"nuostatos-ir-salygos","status":"publish","type":"page","link":"https:\/\/testing.delamode-bulgaria.com\/bg\/nuostatos-ir-salygos\/","title":{"rendered":"Nuostatos ir s\u0105lygos"},"content":{"rendered":"\t\t<div data-elementor-type=\"wp-page\" data-elementor-id=\"4359\" class=\"elementor elementor-4359\" data-elementor-post-type=\"page\">\n\t\t\t\t<div class=\"elementor-element elementor-element-d7c6f47 e-flex e-con-boxed e-con e-parent\" data-id=\"d7c6f47\" data-element_type=\"container\">\n\t\t\t\t\t<div class=\"e-con-inner\">\n\t\t\t\t<div class=\"elementor-element elementor-element-293644d elementor-widget elementor-widget-heading\" data-id=\"293644d\" data-element_type=\"widget\" data-widget_type=\"heading.default\">\n\t\t\t\t<div class=\"elementor-widget-container\">\n\t\t\t\t\t<h1 class=\"elementor-heading-title elementor-size-default\">Nuostatos ir s\u0105lygos<\/h1>\t\t\t\t<\/div>\n\t\t\t\t<\/div>\n\t\t\t\t<div class=\"elementor-element elementor-element-d9471cb elementor-widget elementor-widget-heading\" data-id=\"d9471cb\" data-element_type=\"widget\" data-widget_type=\"heading.default\">\n\t\t\t\t<div class=\"elementor-widget-container\">\n\t\t\t\t\t<h2 class=\"elementor-heading-title elementor-size-default\">Bendra informacija<\/h2>\t\t\t\t<\/div>\n\t\t\t\t<\/div>\n\t\t\t\t\t<\/div>\n\t\t\t\t<\/div>\n\t\t<div class=\"elementor-element elementor-element-4577f16 e-flex e-con-boxed e-con e-parent\" data-id=\"4577f16\" data-element_type=\"container\">\n\t\t\t\t\t<div class=\"e-con-inner\">\n\t\t\t\t<div class=\"elementor-element elementor-element-d661ee0 elementor-widget elementor-widget-text-editor\" data-id=\"d661ee0\" data-element_type=\"widget\" data-widget_type=\"text-editor.default\">\n\t\t\t\t<div class=\"elementor-widget-container\">\n\t\t\t\t\t\t\t\t\t<p>\u0160i svetain\u0117 yra <strong>Delamode Baltics<\/strong> (toliau \u2013 \u201eDelamode\u201c, \u201emes\u201c, \u201em\u016bs\u0173\u201c) interneto svetain\u0117 (toliau \u2013 \u201eSvetain\u0117\u201c).<\/p><p>Svetain\u0119 valdo UAB \u201c<strong>Delamode Baltics\u201d<\/strong>, juridinio asmens kodas 300614485, kurios buvein\u0117s adresas yra Naugarduko g. 98, LT-03160, Vilnius, Lietuva.<\/p><p>\u0160i\u0173 nuostat\u0173 ir s\u0105lyg\u0173 tikslas \u2013 nustatyti Svetain\u0117s naudojimo taisykles. Naudodamiesi Svetaine, j\u016bs patvirtinate, kad perskait\u0117te, supratote ir sutinkate laikytis \u0161i\u0173 nuostat\u0173. Jei nesutinkate su \u0161iomis s\u0105lygomis, pra\u0161ome Svetaine nesinaudoti.<\/p>\t\t\t\t\t\t\t\t<\/div>\n\t\t\t\t<\/div>\n\t\t\t\t<div class=\"elementor-element elementor-element-48c6536 elementor-widget elementor-widget-heading\" data-id=\"48c6536\" data-element_type=\"widget\" data-widget_type=\"heading.default\">\n\t\t\t\t<div class=\"elementor-widget-container\">\n\t\t\t\t\t<h2 class=\"elementor-heading-title elementor-size-default\"><strong>Svetain\u0117s paskirtis<\/strong><\/h2>\t\t\t\t<\/div>\n\t\t\t\t<\/div>\n\t\t\t\t<div class=\"elementor-element elementor-element-ae9a565 elementor-widget elementor-widget-text-editor\" data-id=\"ae9a565\" data-element_type=\"widget\" data-widget_type=\"text-editor.default\">\n\t\t\t\t<div class=\"elementor-widget-container\">\n\t\t\t\t\t\t\t\t\t<p>Svetain\u0117je pateikiama bendra informacija apie Delamode Baltics veikl\u0105, teikiamas logistikos ir ekspedijavimo paslaugas, sprendimus bei \u012fmon\u0119. Visa informacija pateikiama tik informaciniais tikslais ir nelaikoma teisiniu, finansiniu ar kitu profesionaliu patarimu.<\/p>\t\t\t\t\t\t\t\t<\/div>\n\t\t\t\t<\/div>\n\t\t\t\t<div class=\"elementor-element elementor-element-d3fc529 elementor-widget elementor-widget-heading\" data-id=\"d3fc529\" data-element_type=\"widget\" data-widget_type=\"heading.default\">\n\t\t\t\t<div class=\"elementor-widget-container\">\n\t\t\t\t\t<h2 class=\"elementor-heading-title elementor-size-default\"><strong>Intelektin\u0117 nuosavyb\u0117 ir autori\u0173 teis\u0117s<\/strong><\/h2>\t\t\t\t<\/div>\n\t\t\t\t<\/div>\n\t\t\t\t<div class=\"elementor-element elementor-element-22b93ce elementor-widget elementor-widget-text-editor\" data-id=\"22b93ce\" data-element_type=\"widget\" data-widget_type=\"text-editor.default\">\n\t\t\t\t<div class=\"elementor-widget-container\">\n\t\t\t\t\t\t\t\t\t<p>Visos teis\u0117s \u012f Svetain\u0117je esant\u012f turin\u012f (\u012fskaitant tekstus, logotipus, grafinius elementus, nuotraukas, dizain\u0105, strukt\u016br\u0105 ir duomen\u0173 bazes) priklauso Delamode Baltics arba yra teis\u0117tai naudojamos pagal licencijas.<\/p><p>Draud\u017eiama be i\u0161ankstinio ra\u0161ti\u0161ko Delamode Baltics sutikimo kopijuoti, platinti, modifikuoti ar naudoti Svetain\u0117s turin\u012f komerciniais ar kitais tikslais.<\/p>\t\t\t\t\t\t\t\t<\/div>\n\t\t\t\t<\/div>\n\t\t\t\t<div class=\"elementor-element elementor-element-6811016 elementor-widget elementor-widget-heading\" data-id=\"6811016\" data-element_type=\"widget\" data-widget_type=\"heading.default\">\n\t\t\t\t<div class=\"elementor-widget-container\">\n\t\t\t\t\t<h2 class=\"elementor-heading-title elementor-size-default\"><strong>Atsakomyb\u0117s apribojimas<\/strong><\/h2>\t\t\t\t<\/div>\n\t\t\t\t<\/div>\n\t\t\t\t<div class=\"elementor-element elementor-element-b6b492a elementor-widget elementor-widget-text-editor\" data-id=\"b6b492a\" data-element_type=\"widget\" data-widget_type=\"text-editor.default\">\n\t\t\t\t<div class=\"elementor-widget-container\">\n\t\t\t\t\t\t\t\t\t<p>Nors dedame pagr\u012fstas pastangas u\u017etikrinti, kad Svetain\u0117je pateikta informacija b\u016bt\u0173 tiksli ir atnaujinta, <strong>negarantuojame<\/strong>, kad ji visada bus be klaid\u0173, i\u0161sami ar tinkama konkre\u010diam tikslui.<\/p><p>Delamode Baltics neatsako u\u017e:<\/p><ul><li>bet kokius tiesioginius ar netiesioginius nuostolius, patirtus naudojantis Svetaine ar joje pateikta informacija;<\/li><li>Svetain\u0117s veikimo sutrikimus ar laikin\u0105 nepasiekiamum\u0105.<\/li><\/ul>\t\t\t\t\t\t\t\t<\/div>\n\t\t\t\t<\/div>\n\t\t\t\t<div class=\"elementor-element elementor-element-268c951 elementor-widget elementor-widget-heading\" data-id=\"268c951\" data-element_type=\"widget\" data-widget_type=\"heading.default\">\n\t\t\t\t<div class=\"elementor-widget-container\">\n\t\t\t\t\t<h2 class=\"elementor-heading-title elementor-size-default\"><strong>Nuorodos \u012f tre\u010di\u0173j\u0173 \u0161ali\u0173 svetaines<\/strong><\/h2>\t\t\t\t<\/div>\n\t\t\t\t<\/div>\n\t\t\t\t<div class=\"elementor-element elementor-element-5dd56e0 elementor-widget elementor-widget-text-editor\" data-id=\"5dd56e0\" data-element_type=\"widget\" data-widget_type=\"text-editor.default\">\n\t\t\t\t<div class=\"elementor-widget-container\">\n\t\t\t\t\t\t\t\t\t<p>Svetain\u0117je gali b\u016bti pateikiamos nuorodos \u012f tre\u010di\u0173j\u0173 \u0161ali\u0173 interneto svetaines. \u0160ios nuorodos pateikiamos tik informaciniais ir patogumo tikslais.<\/p><p>Mes:<\/p><ul><li>nekontroliuojame tre\u010di\u0173j\u0173 \u0161ali\u0173 svetaini\u0173 turinio;<\/li><li>neatsakome u\u017e j\u0173 privatumo politik\u0105 ar veikl\u0105;<\/li><li>nepatvirtiname j\u0173 turinio ar paslaug\u0173.<\/li><\/ul>\t\t\t\t\t\t\t\t<\/div>\n\t\t\t\t<\/div>\n\t\t\t\t<div class=\"elementor-element elementor-element-7a56715 elementor-widget elementor-widget-heading\" data-id=\"7a56715\" data-element_type=\"widget\" data-widget_type=\"heading.default\">\n\t\t\t\t<div class=\"elementor-widget-container\">\n\t\t\t\t\t<h2 class=\"elementor-heading-title elementor-size-default\">U\u017eklausos ir sutartini\u0173 santyki\u0173 nebuvimas<\/h2>\t\t\t\t<\/div>\n\t\t\t\t<\/div>\n\t\t\t\t<div class=\"elementor-element elementor-element-95d3ad6 elementor-widget elementor-widget-text-editor\" data-id=\"95d3ad6\" data-element_type=\"widget\" data-widget_type=\"text-editor.default\">\n\t\t\t\t<div class=\"elementor-widget-container\">\n\t\t\t\t\t\t\t\t\t<p>Svetain\u0117je pateikiamos kontaktin\u0117s formos, u\u017eklaus\u0173 formos ar el. pa\u0161to adresai skirti <strong>tik informacin\u0117ms u\u017eklausoms<\/strong>. Tokios u\u017eklausos <strong>nesukuria sutartini\u0173 santyki\u0173<\/strong>, kol Delamode Baltics ra\u0161tu nepatvirtina kitaip.<\/p><p>Paslaug\u0173 teikimo atveju taikomos atskiros Delamode Baltics paslaug\u0173 teikimo s\u0105lygos ir sutartin\u0117s s\u0105lygos, d\u0117l kuri\u0173 susitariama atskirai.<\/p>\t\t\t\t\t\t\t\t<\/div>\n\t\t\t\t<\/div>\n\t\t\t\t<div class=\"elementor-element elementor-element-faaa9f7 elementor-widget elementor-widget-heading\" data-id=\"faaa9f7\" data-element_type=\"widget\" data-widget_type=\"heading.default\">\n\t\t\t\t<div class=\"elementor-widget-container\">\n\t\t\t\t\t<h2 class=\"elementor-heading-title elementor-size-default\">Privatumas ir asmens duomen\u0173 apsauga<\/h2>\t\t\t\t<\/div>\n\t\t\t\t<\/div>\n\t\t\t\t<div class=\"elementor-element elementor-element-32a488f elementor-widget elementor-widget-text-editor\" data-id=\"32a488f\" data-element_type=\"widget\" data-widget_type=\"text-editor.default\">\n\t\t\t\t<div class=\"elementor-widget-container\">\n\t\t\t\t\t\t\t\t\t<p>Asmens duomenys tvarkomi laikantis galiojan\u010di\u0173 Europos S\u0105jungos ir Lietuvos Respublikos teis\u0117s akt\u0173, \u012fskaitant Bendr\u0105j\u012f duomen\u0173 apsaugos reglament\u0105 (BDAR).<\/p><p>I\u0161sami informacija pateikiama <a href=\"https:\/\/testing.delamode-bulgaria.com\/lt\/privatumo-politika\/\">Privatumo politikoje.<\/a><\/p><p>Duomen\u0173 apsaugos klausimais galite kreiptis:<br \/><span style=\"text-decoration: underline\">El. pa\u0161tas:<\/span> dataprotection@delamode-group.com<\/p>\t\t\t\t\t\t\t\t<\/div>\n\t\t\t\t<\/div>\n\t\t\t\t<div class=\"elementor-element elementor-element-3b57e3c elementor-widget elementor-widget-heading\" data-id=\"3b57e3c\" data-element_type=\"widget\" data-widget_type=\"heading.default\">\n\t\t\t\t<div class=\"elementor-widget-container\">\n\t\t\t\t\t<h2 class=\"elementor-heading-title elementor-size-default\"><strong>Nuostat\u0173 ir s\u0105lyg\u0173 pakeitimai<\/strong><\/h2>\t\t\t\t<\/div>\n\t\t\t\t<\/div>\n\t\t\t\t<div class=\"elementor-element elementor-element-8d34145 elementor-widget elementor-widget-text-editor\" data-id=\"8d34145\" data-element_type=\"widget\" data-widget_type=\"text-editor.default\">\n\t\t\t\t<div class=\"elementor-widget-container\">\n\t\t\t\t\t\t\t\t\t<p>Delamode Baltics pasilieka teis\u0119 bet kuriuo metu keisti ar atnaujinti \u0161ias Nuostatas ir s\u0105lygas. Pakeitimai \u012fsigalioja nuo j\u0173 paskelbimo Svetain\u0117je.<\/p><p>Tolimesnis Svetain\u0117s naudojimas po pakeitim\u0173 paskelbimo laikomas sutikimu su atnaujintomis s\u0105lygomis.<\/p>\t\t\t\t\t\t\t\t<\/div>\n\t\t\t\t<\/div>\n\t\t\t\t<div class=\"elementor-element elementor-element-d1c6680 elementor-widget elementor-widget-heading\" data-id=\"d1c6680\" data-element_type=\"widget\" data-widget_type=\"heading.default\">\n\t\t\t\t<div class=\"elementor-widget-container\">\n\t\t\t\t\t<h2 class=\"elementor-heading-title elementor-size-default\"><strong>Taikytina teis\u0117 ir jurisdikcija<\/strong><\/h2>\t\t\t\t<\/div>\n\t\t\t\t<\/div>\n\t\t\t\t<div class=\"elementor-element elementor-element-37cde82 elementor-widget elementor-widget-text-editor\" data-id=\"37cde82\" data-element_type=\"widget\" data-widget_type=\"text-editor.default\">\n\t\t\t\t<div class=\"elementor-widget-container\">\n\t\t\t\t\t\t\t\t\t<p>\u0160ioms Nuostatoms ir s\u0105lygoms bei visiems su Svetain\u0117s naudojimu susijusiems gin\u010dams taikoma Lietuvos Respublikos teis\u0117.<\/p><p>Visi gin\u010dai sprend\u017eiami Lietuvos Respublikos teismuose pagal Delamode Baltics buvein\u0117s viet\u0105.<\/p>\t\t\t\t\t\t\t\t<\/div>\n\t\t\t\t<\/div>\n\t\t\t\t<div class=\"elementor-element elementor-element-3c9cf1c elementor-widget elementor-widget-heading\" data-id=\"3c9cf1c\" data-element_type=\"widget\" data-widget_type=\"heading.default\">\n\t\t\t\t<div class=\"elementor-widget-container\">\n\t\t\t\t\t<h2 class=\"elementor-heading-title elementor-size-default\">Kontaktin\u0117 informacija<\/h2>\t\t\t\t<\/div>\n\t\t\t\t<\/div>\n\t\t\t\t<div class=\"elementor-element elementor-element-477bfd2 elementor-widget elementor-widget-text-editor\" data-id=\"477bfd2\" data-element_type=\"widget\" data-widget_type=\"text-editor.default\">\n\t\t\t\t<div class=\"elementor-widget-container\">\n\t\t\t\t\t\t\t\t\t<p>Jeigu turite klausim\u0173, pastab\u0173 ar nusiskundim\u0173 d\u0117l Svetain\u0117s, \u0161i\u0173 Nuostat\u0173 ir s\u0105lyg\u0173 ar Privatumo politikos, susisiekite su mumis:<\/p><p><strong>Administracija:<\/strong><br \/>Tel.: +370 6 188 2931<br \/>El. pa\u0161tas: admin.lt@delamode-group.com<\/p>\t\t\t\t\t\t\t\t<\/div>\n\t\t\t\t<\/div>\n\t\t\t\t\t<\/div>\n\t\t\t\t<\/div>\n\t\t\t\t<\/div>\n\t\t","protected":false},"excerpt":{"rendered":"<p>Nuostatos ir s\u0105lygos Bendra informacija \u0160i svetain\u0117 yra Delamode Baltics (toliau \u2013 \u201eDelamode\u201c, \u201emes\u201c, \u201em\u016bs\u0173\u201c) interneto svetain\u0117 (toliau \u2013 \u201eSvetain\u0117\u201c). Svetain\u0119 valdo UAB \u201cDelamode Baltics\u201d, juridinio asmens kodas 300614485, kurios buvein\u0117s adresas yra Naugarduko g. 98, LT-03160, Vilnius, Lietuva. \u0160i\u0173 nuostat\u0173 ir s\u0105lyg\u0173 tikslas \u2013 nustatyti Svetain\u0117s naudojimo taisykles. Naudodamiesi Svetaine, j\u016bs patvirtinate, kad perskait\u0117te, [&hellip;]<\/p>\n","protected":false},"author":3,"featured_media":0,"parent":0,"menu_order":0,"comment_status":"closed","ping_status":"closed","template":"","meta":{"footnotes":""},"class_list":["post-4359","page","type-page","status-publish","hentry"],"blocksy_meta":{"has_hero_section":"disabled","styles_descriptor":{"styles":{"desktop":"","tablet":"","mobile":""},"google_fonts":[],"version":6}},"yoast_head":"<!-- This site is optimized with the Yoast SEO plugin v26.4 - https:\/\/yoast.com\/wordpress\/plugins\/seo\/ -->\n<title>Nuostatos ir s\u0105lygos - Delamode Baltics | Tarptautin\u0117 krovini\u0173 perve\u017eimo \u012fmon\u0117<\/title>\n<meta name=\"description\" content=\"Nuostatos ir salygos Delamode Baltics - taisykl\u0117s, reglamentuojan\u010dios svetain\u0117s naudojim\u0105 ir paslaug\u0173 teikim\u0105.\" \/>\n<meta name=\"robots\" content=\"index, follow, max-snippet:-1, max-image-preview:large, max-video-preview:-1\" \/>\n<link rel=\"canonical\" href=\"https:\/\/testing.delamode-bulgaria.com\/bg\/nuostatos-ir-salygos\/\" \/>\n<meta property=\"og:locale\" content=\"bg_BG\" \/>\n<meta property=\"og:type\" content=\"article\" \/>\n<meta property=\"og:title\" content=\"Nuostatos ir s\u0105lygos - Delamode Baltics | Tarptautin\u0117 krovini\u0173 perve\u017eimo \u012fmon\u0117\" \/>\n<meta property=\"og:description\" content=\"Nuostatos ir salygos Delamode Baltics - taisykl\u0117s, reglamentuojan\u010dios svetain\u0117s naudojim\u0105 ir paslaug\u0173 teikim\u0105.\" \/>\n<meta property=\"og:url\" content=\"https:\/\/testing.delamode-bulgaria.com\/bg\/nuostatos-ir-salygos\/\" \/>\n<meta property=\"og:site_name\" content=\"Delamode Baltics\" \/>\n<meta property=\"article:modified_time\" content=\"2026-01-15T09:43:31+00:00\" \/>\n<meta name=\"twitter:card\" content=\"summary_large_image\" \/>\n<meta name=\"twitter:label1\" content=\"Est. reading time\" \/>\n\t<meta name=\"twitter:data1\" content=\"3 \u043c\u0438\u043d\u0443\u0442\u0438\" \/>\n<script type=\"application\/ld+json\" class=\"yoast-schema-graph\">{\"@context\":\"https:\/\/schema.org\",\"@graph\":[{\"@type\":\"WebPage\",\"@id\":\"https:\/\/testing.delamode-bulgaria.com\/nuostatos-ir-salygos\/\",\"url\":\"https:\/\/testing.delamode-bulgaria.com\/nuostatos-ir-salygos\/\",\"name\":\"Nuostatos ir s\u0105lygos - Delamode Baltics | Tarptautin\u0117 krovini\u0173 perve\u017eimo \u012fmon\u0117\",\"isPartOf\":{\"@id\":\"https:\/\/testing.delamode-bulgaria.com\/lt\/#website\"},\"datePublished\":\"2025-09-15T07:28:31+00:00\",\"dateModified\":\"2026-01-15T09:43:31+00:00\",\"description\":\"Nuostatos ir salygos Delamode Baltics - taisykl\u0117s, reglamentuojan\u010dios svetain\u0117s naudojim\u0105 ir paslaug\u0173 teikim\u0105.\",\"breadcrumb\":{\"@id\":\"https:\/\/testing.delamode-bulgaria.com\/nuostatos-ir-salygos\/#breadcrumb\"},\"inLanguage\":\"bg-BG\",\"potentialAction\":[{\"@type\":\"ReadAction\",\"target\":[\"https:\/\/testing.delamode-bulgaria.com\/nuostatos-ir-salygos\/\"]}]},{\"@type\":\"BreadcrumbList\",\"@id\":\"https:\/\/testing.delamode-bulgaria.com\/nuostatos-ir-salygos\/#breadcrumb\",\"itemListElement\":[{\"@type\":\"ListItem\",\"position\":1,\"name\":\"Home\",\"item\":\"https:\/\/testing.delamode-bulgaria.com\/lt\/\"},{\"@type\":\"ListItem\",\"position\":2,\"name\":\"Nuostatos ir s\u0105lygos\"}]},{\"@type\":\"WebSite\",\"@id\":\"https:\/\/testing.delamode-bulgaria.com\/lt\/#website\",\"url\":\"https:\/\/testing.delamode-bulgaria.com\/lt\/\",\"name\":\"Delamode Baltics\",\"description\":\"Delamode Baltics\",\"publisher\":{\"@id\":\"https:\/\/testing.delamode-bulgaria.com\/lt\/#organization\"},\"potentialAction\":[{\"@type\":\"SearchAction\",\"target\":{\"@type\":\"EntryPoint\",\"urlTemplate\":\"https:\/\/testing.delamode-bulgaria.com\/lt\/?s={search_term_string}\"},\"query-input\":{\"@type\":\"PropertyValueSpecification\",\"valueRequired\":true,\"valueName\":\"search_term_string\"}}],\"inLanguage\":\"bg-BG\"},{\"@type\":\"Organization\",\"@id\":\"https:\/\/testing.delamode-bulgaria.com\/lt\/#organization\",\"name\":\"Delamode Baltics\",\"url\":\"https:\/\/testing.delamode-bulgaria.com\/lt\/\",\"logo\":{\"@type\":\"ImageObject\",\"inLanguage\":\"bg-BG\",\"@id\":\"https:\/\/testing.delamode-bulgaria.com\/lt\/#\/schema\/logo\/image\/\",\"url\":\"https:\/\/testing.delamode-bulgaria.com\/wp-content\/uploads\/Untitled-design-15.png\",\"contentUrl\":\"https:\/\/testing.delamode-bulgaria.com\/wp-content\/uploads\/Untitled-design-15.png\",\"width\":395,\"height\":112,\"caption\":\"Delamode Baltics\"},\"image\":{\"@id\":\"https:\/\/testing.delamode-bulgaria.com\/lt\/#\/schema\/logo\/image\/\"}}]}<\/script>\n<!-- \/ Yoast SEO plugin. -->","yoast_head_json":{"title":"Nuostatos ir s\u0105lygos - Delamode Baltics | Tarptautin\u0117 krovini\u0173 perve\u017eimo \u012fmon\u0117","description":"Nuostatos ir salygos Delamode Baltics - taisykl\u0117s, reglamentuojan\u010dios svetain\u0117s naudojim\u0105 ir paslaug\u0173 teikim\u0105.","robots":{"index":"index","follow":"follow","max-snippet":"max-snippet:-1","max-image-preview":"max-image-preview:large","max-video-preview":"max-video-preview:-1"},"canonical":"https:\/\/testing.delamode-bulgaria.com\/bg\/nuostatos-ir-salygos\/","og_locale":"bg_BG","og_type":"article","og_title":"Nuostatos ir s\u0105lygos - Delamode Baltics | Tarptautin\u0117 krovini\u0173 perve\u017eimo \u012fmon\u0117","og_description":"Nuostatos ir salygos Delamode Baltics - taisykl\u0117s, reglamentuojan\u010dios svetain\u0117s naudojim\u0105 ir paslaug\u0173 teikim\u0105.","og_url":"https:\/\/testing.delamode-bulgaria.com\/bg\/nuostatos-ir-salygos\/","og_site_name":"Delamode Baltics","article_modified_time":"2026-01-15T09:43:31+00:00","twitter_card":"summary_large_image","twitter_misc":{"Est. reading time":"3 \u043c\u0438\u043d\u0443\u0442\u0438"},"schema":{"@context":"https:\/\/schema.org","@graph":[{"@type":"WebPage","@id":"https:\/\/testing.delamode-bulgaria.com\/nuostatos-ir-salygos\/","url":"https:\/\/testing.delamode-bulgaria.com\/nuostatos-ir-salygos\/","name":"Nuostatos ir s\u0105lygos - Delamode Baltics | Tarptautin\u0117 krovini\u0173 perve\u017eimo \u012fmon\u0117","isPartOf":{"@id":"https:\/\/testing.delamode-bulgaria.com\/lt\/#website"},"datePublished":"2025-09-15T07:28:31+00:00","dateModified":"2026-01-15T09:43:31+00:00","description":"Nuostatos ir salygos Delamode Baltics - taisykl\u0117s, reglamentuojan\u010dios svetain\u0117s naudojim\u0105 ir paslaug\u0173 teikim\u0105.","breadcrumb":{"@id":"https:\/\/testing.delamode-bulgaria.com\/nuostatos-ir-salygos\/#breadcrumb"},"inLanguage":"bg-BG","potentialAction":[{"@type":"ReadAction","target":["https:\/\/testing.delamode-bulgaria.com\/nuostatos-ir-salygos\/"]}]},{"@type":"BreadcrumbList","@id":"https:\/\/testing.delamode-bulgaria.com\/nuostatos-ir-salygos\/#breadcrumb","itemListElement":[{"@type":"ListItem","position":1,"name":"Home","item":"https:\/\/testing.delamode-bulgaria.com\/lt\/"},{"@type":"ListItem","position":2,"name":"Nuostatos ir s\u0105lygos"}]},{"@type":"WebSite","@id":"https:\/\/testing.delamode-bulgaria.com\/lt\/#website","url":"https:\/\/testing.delamode-bulgaria.com\/lt\/","name":"Delamode Baltics","description":"Delamode Baltics","publisher":{"@id":"https:\/\/testing.delamode-bulgaria.com\/lt\/#organization"},"potentialAction":[{"@type":"SearchAction","target":{"@type":"EntryPoint","urlTemplate":"https:\/\/testing.delamode-bulgaria.com\/lt\/?s={search_term_string}"},"query-input":{"@type":"PropertyValueSpecification","valueRequired":true,"valueName":"search_term_string"}}],"inLanguage":"bg-BG"},{"@type":"Organization","@id":"https:\/\/testing.delamode-bulgaria.com\/lt\/#organization","name":"Delamode Baltics","url":"https:\/\/testing.delamode-bulgaria.com\/lt\/","logo":{"@type":"ImageObject","inLanguage":"bg-BG","@id":"https:\/\/testing.delamode-bulgaria.com\/lt\/#\/schema\/logo\/image\/","url":"https:\/\/testing.delamode-bulgaria.com\/wp-content\/uploads\/Untitled-design-15.png","contentUrl":"https:\/\/testing.delamode-bulgaria.com\/wp-content\/uploads\/Untitled-design-15.png","width":395,"height":112,"caption":"Delamode Baltics"},"image":{"@id":"https:\/\/testing.delamode-bulgaria.com\/lt\/#\/schema\/logo\/image\/"}}]}},"_hostinger_reach_plugin_has_subscription_block":false,"_hostinger_reach_plugin_is_elementor":false,"_links":{"self":[{"href":"https:\/\/testing.delamode-bulgaria.com\/bg\/wp-json\/wp\/v2\/pages\/4359","targetHints":{"allow":["GET"]}}],"collection":[{"href":"https:\/\/testing.delamode-bulgaria.com\/bg\/wp-json\/wp\/v2\/pages"}],"about":[{"href":"https:\/\/testing.delamode-bulgaria.com\/bg\/wp-json\/wp\/v2\/types\/page"}],"author":[{"embeddable":true,"href":"https:\/\/testing.delamode-bulgaria.com\/bg\/wp-json\/wp\/v2\/users\/3"}],"replies":[{"embeddable":true,"href":"https:\/\/testing.delamode-bulgaria.com\/bg\/wp-json\/wp\/v2\/comments?post=4359"}],"version-history":[{"count":22,"href":"https:\/\/testing.delamode-bulgaria.com\/bg\/wp-json\/wp\/v2\/pages\/4359\/revisions"}],"predecessor-version":[{"id":7402,"href":"https:\/\/testing.delamode-bulgaria.com\/bg\/wp-json\/wp\/v2\/pages\/4359\/revisions\/7402"}],"wp:attachment":[{"href":"https:\/\/testing.delamode-bulgaria.com\/bg\/wp-json\/wp\/v2\/media?parent=4359"}],"curies":[{"name":"wp","href":"https:\/\/api.w.org\/{rel}","templated":true}]}}